{"id":847,"date":"2025-07-18T10:37:03","date_gmt":"2025-07-18T10:37:03","guid":{"rendered":"https:\/\/gatefi.es\/?page_id=847"},"modified":"2025-07-22T11:46:30","modified_gmt":"2025-07-22T11:46:30","slug":"cookies","status":"publish","type":"page","link":"https:\/\/gatefi.es\/en\/cookies\/","title":{"rendered":"cookies"},"content":{"rendered":"<div class=\"fusion-fullwidth fullwidth-box fusion-builder-row-1 fusion-flex-container has-pattern-background has-mask-background nonhundred-percent-fullwidth non-hundred-percent-height-scrolling\" style=\"--awb-border-radius-top-left:0px;--awb-border-radius-top-right:0px;--awb-border-radius-bottom-right:0px;--awb-border-radius-bottom-left:0px;--awb-flex-wrap:wrap;\" ><div class=\"fusion-builder-row fusion-row fusion-flex-align-items-flex-start fusion-flex-content-wrap\" style=\"max-width:1248px;margin-left: calc(-4% \/ 2 );margin-right: calc(-4% \/ 2 );\"><div class=\"fusion-layout-column fusion_builder_column fusion-builder-column-0 fusion_builder_column_1_1 1_1 fusion-flex-column\" style=\"--awb-bg-size:cover;--awb-width-large:100%;--awb-margin-top-large:0px;--awb-spacing-right-large:1.92%;--awb-margin-bottom-large:20px;--awb-spacing-left-large:1.92%;--awb-width-medium:100%;--awb-order-medium:0;--awb-spacing-right-medium:1.92%;--awb-spacing-left-medium:1.92%;--awb-width-small:100%;--awb-order-small:0;--awb-spacing-right-small:1.92%;--awb-spacing-left-small:1.92%;\"><div class=\"fusion-column-wrapper fusion-column-has-shadow fusion-flex-justify-content-flex-start fusion-content-layout-column\"><div class=\"fusion-text fusion-text-1\"><p data-start=\"0\" data-end=\"70\"><strong data-start=\"0\" data-end=\"23\">Cookie Policy<\/strong><br data-start=\"23\" data-end=\"26\">Last updated: July 18, 2025<\/p>\n<p data-start=\"72\" data-end=\"365\">This Cookie Policy explains what cookies are and how we use them. You should read it to understand what types of cookies we use, what information we collect through them and how we use it. This Cookie Policy has been created with the help of the Cookie Policy Generator.  <\/p>\n<p data-start=\"367\" data-end=\"714\">Les cookies normalment no contenen informaci\u00f3 que identifiqui personalment un usuari, per\u00f2 la informaci\u00f3 personal que emmagatzemem sobre Vost\u00e8 pot estar vinculada a les dades que s\u2019hi desen i s\u2019hi obtenen. Per obtenir m\u00e9s informaci\u00f3 sobre com utilitzem, emmagatzemem i protegim les seves dades personals, consulti la nostra Pol\u00edtica de privacitat. <\/p>\n<p data-start=\"716\" data-end=\"835\">We do not store sensitive personal information\u2014such as mailing addresses or account passwords\u2014in the cookies we use.<\/p>\n<hr data-start=\"837\" data-end=\"840\">\n<h3 data-start=\"842\" data-end=\"875\">Interpretation and definitions<\/h3>\n<p data-start=\"877\" data-end=\"1046\"><strong data-start=\"877\" data-end=\"894\">Interpretation<\/strong><br data-start=\"894\" data-end=\"897\">Words beginning with a capital letter have the meaning defined below; these definitions shall be valid in both the singular and plural.<\/p>\n<p data-start=\"1048\" data-end=\"1109\"><strong data-start=\"1048\" data-end=\"1063\">Definitions<\/strong><br data-start=\"1063\" data-end=\"1066\">For the purposes of this Cookie Policy:<\/p>\n<ul data-start=\"1111\" data-end=\"1688\">\n<li data-start=\"1111\" data-end=\"1242\">\n<p data-start=\"1113\" data-end=\"1242\"><strong data-start=\"1113\" data-end=\"1124\">Company <\/strong>(referred to as \u201cthe Company\u201d, \u201cWe\u201d, \u201cEntity\u201d or \u201cOur\u201d) refers to <strong data-start=\"1194\" data-end=\"1207\">GatefiSL<\/strong>, Carrer Casanovas199,Pral. 2a.<\/p>\n<\/li>\n<li data-start=\"1243\" data-end=\"1444\">\n<p data-start=\"1245\" data-end=\"1444\"><strong data-start=\"1245\" data-end=\"1256\">Cookies<\/strong>: small files that a website installs on your computer, mobile device or any other device and that contain details of your browsing history, among many other uses.<\/p>\n<\/li>\n<li data-start=\"1445\" data-end=\"1522\">\n<p data-start=\"1447\" data-end=\"1522\"><strong data-start=\"1447\" data-end=\"1459\">Website <\/strong>refers to Gatefi, accessible from https<a class=\"\" href=\"https:\/\/gatefi.es\/en\/\" target=\"_new\" rel=\"noopener\" data-start=\"1500\" data-end=\"1520\">:\/\/gatefi.es\/<\/a><\/p>\n<\/li>\n<li data-start=\"1523\" data-end=\"1688\">\n<p data-start=\"1525\" data-end=\"1688\"><strong data-start=\"1525\" data-end=\"1534\">You<\/strong>: the individual who accesses or uses the Website, or the company or legal entity on behalf of which that individual accesses or uses the Website.<\/p>\n<\/li>\n<\/ul>\n<hr data-start=\"1690\" data-end=\"1693\">\n<h3 data-start=\"1695\" data-end=\"1718\">Use of cookies<\/h3>\n<h4 data-start=\"1720\" data-end=\"1757\">Types of cookies we use<\/h4>\n<p data-start=\"1758\" data-end=\"1818\">Cookies can be &#8220;<strong data-start=\"1780\" data-end=\"1797\">persistent<\/strong>&#8221; or &#8220;<strong data-start=\"1803\" data-end=\"1815\">session<\/strong>&#8220;:<\/p>\n<ul data-start=\"1819\" data-end=\"1966\">\n<li data-start=\"1819\" data-end=\"1901\">\n<p data-start=\"1821\" data-end=\"1901\"><strong data-start=\"1825\" data-end=\"1848\">Persistent cookies<\/strong> remain on your device when you are offline.<\/p>\n<\/li>\n<li data-start=\"1902\" data-end=\"1966\">\n<p data-start=\"1904\" data-end=\"1966\"><strong data-start=\"1908\" data-end=\"1929\">Session cookies<\/strong> are deleted when you close the browser.<\/p>\n<\/li>\n<\/ul>\n<p data-start=\"1968\" data-end=\"2033\">We use both types for the purposes described below:<\/p>\n<div class=\"_tableContainer_80l1q_1\">\n<div class=\"_tableWrapper_80l1q_14 group flex w-fit flex-col-reverse\" tabindex=\"-1\">\n<table class=\"w-fit min-w-(--thread-content-width)\" data-start=\"2035\" data-end=\"2637\">\n<thead data-start=\"2035\" data-end=\"2094\">\n<tr data-start=\"2035\" data-end=\"2094\">\n<th data-start=\"2035\" data-end=\"2053\" data-col-size=\"sm\">Cookie type<\/th>\n<th data-start=\"2053\" data-end=\"2062\" data-col-size=\"sm\">Duration<\/th>\n<th data-start=\"2062\" data-end=\"2081\" data-col-size=\"sm\">Managed by<\/th>\n<th data-start=\"2081\" data-end=\"2094\" data-col-size=\"xl\">Purpose<\/th>\n<\/tr>\n<\/thead>\n<tbody data-start=\"2121\" data-end=\"2637\">\n<tr data-start=\"2121\" data-end=\"2372\">\n<td data-start=\"2121\" data-end=\"2148\" data-col-size=\"sm\">Necessary \/ essential<\/td>\n<td data-col-size=\"sm\" data-start=\"2148\" data-end=\"2157\">Session<\/td>\n<td data-col-size=\"sm\" data-start=\"2157\" data-end=\"2169\">Us<\/td>\n<td data-col-size=\"xl\" data-start=\"2169\" data-end=\"2372\">They allow access to the Website services and use its functions; they authenticate the user and prevent fraudulent use of accounts. Without these cookies, the requested services could not be provided. <\/td>\n<\/tr>\n<tr data-start=\"2373\" data-end=\"2637\">\n<td data-start=\"2373\" data-end=\"2389\" data-col-size=\"sm\">Functionality<\/td>\n<td data-col-size=\"sm\" data-start=\"2389\" data-end=\"2402\">Persistent<\/td>\n<td data-col-size=\"sm\" data-start=\"2402\" data-end=\"2414\">We<\/td>\n<td data-col-size=\"xl\" data-start=\"2414\" data-end=\"2637\">Remember the choices you make (e.g., language or login details) to provide you with a more personal experience and avoid having to re-enter your preferences each time you use the Site.<\/td>\n<\/tr>\n<\/tbody>\n<\/table>\n<div class=\"sticky end-(--thread-content-margin) h-0 self-end select-none\">\n<div class=\"absolute end-0 flex items-end\"><\/div>\n<\/div>\n<\/div>\n<\/div>\n<hr data-start=\"2639\" data-end=\"2642\">\n<h3 data-start=\"2644\" data-end=\"2690\">Your choices regarding cookies<\/h3>\n<p data-start=\"2692\" data-end=\"2749\">If you prefer to avoid the use of cookies on this Website:<\/p>\n<ol data-start=\"2750\" data-end=\"2862\">\n<li data-start=\"2750\" data-end=\"2796\">\n<p data-start=\"2753\" data-end=\"2796\">Disable cookies in your browser.<\/p>\n<\/li>\n<li data-start=\"2797\" data-end=\"2862\">\n<p data-start=\"2800\" data-end=\"2862\">Delete stored cookies associated with this Site.<\/p>\n<\/li>\n<\/ol>\n<p data-start=\"2864\" data-end=\"2999\">You can do this at any time; however, by rejecting cookies, some features of the Site may not function properly.<\/p>\n<p data-start=\"3001\" data-end=\"3065\"><strong data-start=\"3001\" data-end=\"3063\">How to delete or reject cookies in the most common browsers:<\/strong><\/p>\n<ul data-start=\"3066\" data-end=\"3447\">\n<li data-start=\"3066\" data-end=\"3128\">\n<p data-start=\"3068\" data-end=\"3128\">Chrome: <a class=\"\" href=\"https:\/\/support.google.com\/accounts\/answer\/32050\" target=\"_new\" rel=\"noopener\" data-start=\"3076\" data-end=\"3126\">https:\/\/support.google.com\/accounts\/answer\/32050<\/a><\/p>\n<\/li>\n<li data-start=\"3129\" data-end=\"3192\">\n<p data-start=\"3131\" data-end=\"3192\">Internet Explorer: <a class=\"\" href=\"http:\/\/support.microsoft.com\/kb\/278835\" target=\"_new\" rel=\"noopener\" data-start=\"3150\" data-end=\"3190\">http:\/\/support.microsoft.com\/kb\/278835<\/a><\/p>\n<\/li>\n<li data-start=\"3193\" data-end=\"3270\">\n<p data-start=\"3195\" data-end=\"3270\">Firefox: <a class=\"\" href=\"https:\/\/support.mozilla.org\/ca\/kb\/eliminar-cookies-dades-llocs\" target=\"_new\" rel=\"noopener\" data-start=\"3204\" data-end=\"3268\">https:\/\/support.mozilla.org\/ca\/kb\/eliminar-cookies-dades-llocs<\/a><\/p>\n<\/li>\n<li data-start=\"3271\" data-end=\"3375\">\n<p data-start=\"3273\" data-end=\"3375\">Safari: <a class=\"\" href=\"https:\/\/support.apple.com\/ca%E2%80%91es\/guide\/safari\/manage-cookies-and-website-data-sfri11471\/mac\" target=\"_new\" rel=\"noopener\" data-start=\"3281\" data-end=\"3373\">https:\/\/support.apple.com\/ca\u2011es\/guide\/safari\/manage-cookies-and-website-data-sfri11471\/mac<\/a><\/p>\n<\/li>\n<li data-start=\"3376\" data-end=\"3447\">\n<p data-start=\"3378\" data-end=\"3447\">For other browsers, consult the official help for your software.<\/p>\n<\/li>\n<\/ul>\n<hr data-start=\"3449\" data-end=\"3452\">\n<h3 data-start=\"3454\" data-end=\"3492\">More information about cookies<\/h3>\n<p data-start=\"3494\" data-end=\"3549\">You can get more information in &#8220;What are cookies?&#8221;.<\/p>\n<hr data-start=\"3551\" data-end=\"3554\">\n<h3 data-start=\"3556\" data-end=\"3570\">Contact<\/h3>\n<p data-start=\"3572\" data-end=\"3662\">If you have any questions about this Cookie Policy, you can contact us:<\/p>\n<ul data-start=\"3664\" data-end=\"3788\" data-is-last-node=\"\" data-is-only-node=\"\">\n<li data-start=\"3664\" data-end=\"3708\">\n<p data-start=\"3666\" data-end=\"3708\"><strong data-start=\"3666\" data-end=\"3688\">Email:<\/strong> [email protected]\n<\/li>\n<li data-start=\"3709\" data-end=\"3761\">\n<p data-start=\"3711\" data-end=\"3761\"><strong data-start=\"3711\" data-end=\"3729\">Web form<\/strong>: <a class=\"\" href=\"https:\/\/gatefi.es\/en\/contact\/\" target=\"_new\" rel=\"noopener\" data-start=\"3730\" data-end=\"3759\">https:\/\/gatefi.es\/contacto\/<\/a><\/p>\n<\/li>\n<li data-start=\"3762\" data-end=\"3788\" data-is-last-node=\"\">\n<p data-start=\"3764\" data-end=\"3788\" data-is-last-node=\"\"><strong data-start=\"3764\" data-end=\"3776\">Telephone<\/strong>: 933210900<\/p>\n<\/li>\n<\/ul>\n<\/div><\/div><\/div><\/div><\/div>\n","protected":false},"excerpt":{"rendered":"","protected":false},"author":1,"featured_media":0,"parent":0,"menu_order":0,"comment_status":"closed","ping_status":"closed","template":"","meta":{"footnotes":""},"class_list":["post-847","page","type-page","status-publish","hentry"],"yoast_head":"<!-- This site is optimized with the Yoast SEO plugin v26.0 - https:\/\/yoast.com\/wordpress\/plugins\/seo\/ -->\n<title>cookies - Gatefi<\/title>\n<meta name=\"robots\" content=\"index, follow, max-snippet:-1, max-image-preview:large, max-video-preview:-1\" \/>\n<link rel=\"canonical\" href=\"https:\/\/gatefi.es\/en\/cookies\/\" \/>\n<meta property=\"og:locale\" content=\"en_US\" \/>\n<meta property=\"og:type\" content=\"article\" \/>\n<meta property=\"og:title\" content=\"cookies - Gatefi\" \/>\n<meta property=\"og:url\" content=\"https:\/\/gatefi.es\/en\/cookies\/\" \/>\n<meta property=\"og:site_name\" content=\"Gatefi\" \/>\n<meta property=\"article:modified_time\" content=\"2025-07-22T11:46:30+00:00\" \/>\n<meta name=\"twitter:card\" content=\"summary_large_image\" \/>\n<meta name=\"twitter:label1\" content=\"Est. reading time\" \/>\n\t<meta name=\"twitter:data1\" content=\"4 minutes\" \/>\n<script type=\"application\/ld+json\" class=\"yoast-schema-graph\">{\"@context\":\"https:\/\/schema.org\",\"@graph\":[{\"@type\":\"WebPage\",\"@id\":\"https:\/\/gatefi.es\/en\/cookies\/\",\"url\":\"https:\/\/gatefi.es\/en\/cookies\/\",\"name\":\"cookies - Gatefi\",\"isPartOf\":{\"@id\":\"https:\/\/gatefi.es\/#website\"},\"datePublished\":\"2025-07-18T10:37:03+00:00\",\"dateModified\":\"2025-07-22T11:46:30+00:00\",\"breadcrumb\":{\"@id\":\"https:\/\/gatefi.es\/en\/cookies\/#breadcrumb\"},\"inLanguage\":\"en-US\",\"potentialAction\":[{\"@type\":\"ReadAction\",\"target\":[\"https:\/\/gatefi.es\/en\/cookies\/\"]}]},{\"@type\":\"BreadcrumbList\",\"@id\":\"https:\/\/gatefi.es\/en\/cookies\/#breadcrumb\",\"itemListElement\":[{\"@type\":\"ListItem\",\"position\":1,\"name\":\"Portada\",\"item\":\"https:\/\/gatefi.es\/en\/home\/\"},{\"@type\":\"ListItem\",\"position\":2,\"name\":\"cookies\"}]},{\"@type\":\"WebSite\",\"@id\":\"https:\/\/gatefi.es\/#website\",\"url\":\"https:\/\/gatefi.es\/\",\"name\":\"Gatefi\",\"description\":\"\",\"publisher\":{\"@id\":\"https:\/\/gatefi.es\/#organization\"},\"potentialAction\":[{\"@type\":\"SearchAction\",\"target\":{\"@type\":\"EntryPoint\",\"urlTemplate\":\"https:\/\/gatefi.es\/?s={search_term_string}\"},\"query-input\":{\"@type\":\"PropertyValueSpecification\",\"valueRequired\":true,\"valueName\":\"search_term_string\"}}],\"inLanguage\":\"en-US\"},{\"@type\":\"Organization\",\"@id\":\"https:\/\/gatefi.es\/#organization\",\"name\":\"Gatefi\",\"url\":\"https:\/\/gatefi.es\/\",\"logo\":{\"@type\":\"ImageObject\",\"inLanguage\":\"en-US\",\"@id\":\"https:\/\/gatefi.es\/#\/schema\/logo\/image\/\",\"url\":\"https:\/\/gatefi.es\/wp-content\/uploads\/2025\/05\/logo-2.png\",\"contentUrl\":\"https:\/\/gatefi.es\/wp-content\/uploads\/2025\/05\/logo-2.png\",\"width\":133,\"height\":55,\"caption\":\"Gatefi\"},\"image\":{\"@id\":\"https:\/\/gatefi.es\/#\/schema\/logo\/image\/\"}}]}<\/script>\n<!-- \/ Yoast SEO plugin. -->","yoast_head_json":{"title":"cookies - Gatefi","robots":{"index":"index","follow":"follow","max-snippet":"max-snippet:-1","max-image-preview":"max-image-preview:large","max-video-preview":"max-video-preview:-1"},"canonical":"https:\/\/gatefi.es\/en\/cookies\/","og_locale":"en_US","og_type":"article","og_title":"cookies - Gatefi","og_url":"https:\/\/gatefi.es\/en\/cookies\/","og_site_name":"Gatefi","article_modified_time":"2025-07-22T11:46:30+00:00","twitter_card":"summary_large_image","twitter_misc":{"Est. reading time":"4 minutes"},"schema":{"@context":"https:\/\/schema.org","@graph":[{"@type":"WebPage","@id":"https:\/\/gatefi.es\/en\/cookies\/","url":"https:\/\/gatefi.es\/en\/cookies\/","name":"cookies - Gatefi","isPartOf":{"@id":"https:\/\/gatefi.es\/#website"},"datePublished":"2025-07-18T10:37:03+00:00","dateModified":"2025-07-22T11:46:30+00:00","breadcrumb":{"@id":"https:\/\/gatefi.es\/en\/cookies\/#breadcrumb"},"inLanguage":"en-US","potentialAction":[{"@type":"ReadAction","target":["https:\/\/gatefi.es\/en\/cookies\/"]}]},{"@type":"BreadcrumbList","@id":"https:\/\/gatefi.es\/en\/cookies\/#breadcrumb","itemListElement":[{"@type":"ListItem","position":1,"name":"Portada","item":"https:\/\/gatefi.es\/en\/home\/"},{"@type":"ListItem","position":2,"name":"cookies"}]},{"@type":"WebSite","@id":"https:\/\/gatefi.es\/#website","url":"https:\/\/gatefi.es\/","name":"Gatefi","description":"","publisher":{"@id":"https:\/\/gatefi.es\/#organization"},"potentialAction":[{"@type":"SearchAction","target":{"@type":"EntryPoint","urlTemplate":"https:\/\/gatefi.es\/?s={search_term_string}"},"query-input":{"@type":"PropertyValueSpecification","valueRequired":true,"valueName":"search_term_string"}}],"inLanguage":"en-US"},{"@type":"Organization","@id":"https:\/\/gatefi.es\/#organization","name":"Gatefi","url":"https:\/\/gatefi.es\/","logo":{"@type":"ImageObject","inLanguage":"en-US","@id":"https:\/\/gatefi.es\/#\/schema\/logo\/image\/","url":"https:\/\/gatefi.es\/wp-content\/uploads\/2025\/05\/logo-2.png","contentUrl":"https:\/\/gatefi.es\/wp-content\/uploads\/2025\/05\/logo-2.png","width":133,"height":55,"caption":"Gatefi"},"image":{"@id":"https:\/\/gatefi.es\/#\/schema\/logo\/image\/"}}]}},"_links":{"self":[{"href":"https:\/\/gatefi.es\/en\/wp-json\/wp\/v2\/pages\/847","targetHints":{"allow":["GET"]}}],"collection":[{"href":"https:\/\/gatefi.es\/en\/wp-json\/wp\/v2\/pages"}],"about":[{"href":"https:\/\/gatefi.es\/en\/wp-json\/wp\/v2\/types\/page"}],"author":[{"embeddable":true,"href":"https:\/\/gatefi.es\/en\/wp-json\/wp\/v2\/users\/1"}],"replies":[{"embeddable":true,"href":"https:\/\/gatefi.es\/en\/wp-json\/wp\/v2\/comments?post=847"}],"version-history":[{"count":4,"href":"https:\/\/gatefi.es\/en\/wp-json\/wp\/v2\/pages\/847\/revisions"}],"predecessor-version":[{"id":919,"href":"https:\/\/gatefi.es\/en\/wp-json\/wp\/v2\/pages\/847\/revisions\/919"}],"wp:attachment":[{"href":"https:\/\/gatefi.es\/en\/wp-json\/wp\/v2\/media?parent=847"}],"curies":[{"name":"wp","href":"https:\/\/api.w.org\/{rel}","templated":true}]}}