{"id":851,"date":"2025-07-18T10:37:03","date_gmt":"2025-07-18T10:37:03","guid":{"rendered":"https:\/\/gatefi.es\/cookies\/"},"modified":"2025-07-18T10:49:12","modified_gmt":"2025-07-18T10:49:12","slug":"cookies","status":"publish","type":"page","link":"https:\/\/gatefi.es\/ca\/cookies\/","title":{"rendered":"cookies"},"content":{"rendered":"<div class=\"fusion-fullwidth fullwidth-box fusion-builder-row-1 fusion-flex-container has-pattern-background has-mask-background nonhundred-percent-fullwidth non-hundred-percent-height-scrolling\" style=\"--awb-border-radius-top-left:0px;--awb-border-radius-top-right:0px;--awb-border-radius-bottom-right:0px;--awb-border-radius-bottom-left:0px;--awb-flex-wrap:wrap;\" ><div class=\"fusion-builder-row fusion-row fusion-flex-align-items-flex-start fusion-flex-content-wrap\" style=\"max-width:1248px;margin-left: calc(-4% \/ 2 );margin-right: calc(-4% \/ 2 );\"><div class=\"fusion-layout-column fusion_builder_column fusion-builder-column-0 fusion_builder_column_1_1 1_1 fusion-flex-column\" style=\"--awb-bg-size:cover;--awb-width-large:100%;--awb-margin-top-large:0px;--awb-spacing-right-large:1.92%;--awb-margin-bottom-large:20px;--awb-spacing-left-large:1.92%;--awb-width-medium:100%;--awb-order-medium:0;--awb-spacing-right-medium:1.92%;--awb-spacing-left-medium:1.92%;--awb-width-small:100%;--awb-order-small:0;--awb-spacing-right-small:1.92%;--awb-spacing-left-small:1.92%;\"><div class=\"fusion-column-wrapper fusion-column-has-shadow fusion-flex-justify-content-flex-start fusion-content-layout-column\"><div class=\"fusion-text fusion-text-1\"><p data-start=\"0\" data-end=\"70\"><strong data-start=\"0\" data-end=\"23\">Pol\u00edtica de cookies<\/strong><br data-start=\"23\" data-end=\"26\" \/>\u00daltima actualitzaci\u00f3: 18 de juliol de\u202f2025<\/p>\n<p data-start=\"72\" data-end=\"365\">Aquesta Pol\u00edtica de cookies explica qu\u00e8 s\u00f3n les cookies i com les utilitzem. Hauria de llegir\u2011la per entendre quin tipus de cookies fem servir, quina informaci\u00f3 recollim a trav\u00e9s seu i com la utilitzem. Aquesta Pol\u00edtica de cookies s\u2019ha creat amb l\u2019ajuda del Generador de Pol\u00edtiques de Cookies.<\/p>\n<p data-start=\"367\" data-end=\"714\">Les cookies normalment no contenen informaci\u00f3 que identifiqui personalment un usuari, per\u00f2 la informaci\u00f3 personal que emmagatzemem sobre Vost\u00e8 pot estar vinculada a les dades que s\u2019hi desen i s\u2019hi obtenen. Per obtenir m\u00e9s informaci\u00f3 sobre com utilitzem, emmagatzemem i protegim les seves dades personals, consulti la nostra Pol\u00edtica de privacitat.<\/p>\n<p data-start=\"716\" data-end=\"835\">No guardem informaci\u00f3 personal sensible\u2014com ara adreces postals o contrasenyes de comptes\u2014en les cookies que utilitzem.<\/p>\n<hr data-start=\"837\" data-end=\"840\" \/>\n<h3 data-start=\"842\" data-end=\"875\">Interpretaci\u00f3 i definicions<\/h3>\n<p data-start=\"877\" data-end=\"1046\"><strong data-start=\"877\" data-end=\"894\">Interpretaci\u00f3<\/strong><br data-start=\"894\" data-end=\"897\" \/>Les paraules que comencen amb maj\u00fascula tenen el significat definit a continuaci\u00f3; aquestes definicions seran v\u00e0lides tant en singular com en plural.<\/p>\n<p data-start=\"1048\" data-end=\"1109\"><strong data-start=\"1048\" data-end=\"1063\">Definicions<\/strong><br data-start=\"1063\" data-end=\"1066\" \/>A l\u2019efecte d\u2019aquesta Pol\u00edtica de cookies:<\/p>\n<ul data-start=\"1111\" data-end=\"1688\">\n<li data-start=\"1111\" data-end=\"1242\">\n<p data-start=\"1113\" data-end=\"1242\"><strong data-start=\"1113\" data-end=\"1124\">Empresa<\/strong> (anomenada \u00abl\u2019Empresa\u00bb, \u00abNosaltres\u00bb, \u00abEns\u00bb o \u00abNostre\u00bb) es refereix a <strong data-start=\"1194\" data-end=\"1207\">Gatefi\u202fSL<\/strong>, Carrer Casanovas\u202f199,\u202fPral.\u202f2a.<\/p>\n<\/li>\n<li data-start=\"1243\" data-end=\"1444\">\n<p data-start=\"1245\" data-end=\"1444\"><strong data-start=\"1245\" data-end=\"1256\">Cookies<\/strong>: fitxers petits que un lloc web instal\u00b7la al seu ordinador, dispositiu m\u00f2bil o qualsevol altre dispositiu i que contenen detalls del seu historial de navegaci\u00f3, entre molts altres usos.<\/p>\n<\/li>\n<li data-start=\"1445\" data-end=\"1522\">\n<p data-start=\"1447\" data-end=\"1522\"><strong data-start=\"1447\" data-end=\"1459\">Lloc web<\/strong> es refereix a Gatefi, accessible des de <a class=\"\" href=\"https:\/\/gatefi.es\/ca\/\" target=\"_new\" rel=\"noopener\" data-start=\"1500\" data-end=\"1520\">https:\/\/gatefi.es\/<\/a><\/p>\n<\/li>\n<li data-start=\"1523\" data-end=\"1688\">\n<p data-start=\"1525\" data-end=\"1688\"><strong data-start=\"1525\" data-end=\"1534\">Vost\u00e8<\/strong>: la persona f\u00edsica que accedeix o utilitza el Lloc web, o l\u2019empresa o entitat jur\u00eddica en nom de la qual aquesta persona accedeix o utilitza el Lloc web.<\/p>\n<\/li>\n<\/ul>\n<hr data-start=\"1690\" data-end=\"1693\" \/>\n<h3 data-start=\"1695\" data-end=\"1718\">\u00das de les cookies<\/h3>\n<h4 data-start=\"1720\" data-end=\"1757\">Tipus de cookies que utilitzem<\/h4>\n<p data-start=\"1758\" data-end=\"1818\">Les cookies poden ser <strong data-start=\"1780\" data-end=\"1797\">\u00abpersistents\u00bb<\/strong> o de <strong data-start=\"1803\" data-end=\"1815\">\u00absessi\u00f3\u00bb<\/strong>:<\/p>\n<ul data-start=\"1819\" data-end=\"1966\">\n<li data-start=\"1819\" data-end=\"1901\">\n<p data-start=\"1821\" data-end=\"1901\">Les <strong data-start=\"1825\" data-end=\"1848\">cookies persistents<\/strong> romanen al seu dispositiu quan est\u00e0 fora de l\u00ednia.<\/p>\n<\/li>\n<li data-start=\"1902\" data-end=\"1966\">\n<p data-start=\"1904\" data-end=\"1966\">Les <strong data-start=\"1908\" data-end=\"1929\">cookies de sessi\u00f3<\/strong> s\u2019eliminen en tancar el navegador.<\/p>\n<\/li>\n<\/ul>\n<p data-start=\"1968\" data-end=\"2033\">Utilitzem ambd\u00f3s tipus amb les finalitats descrites tot seguit:<\/p>\n<div class=\"_tableContainer_80l1q_1\">\n<div class=\"_tableWrapper_80l1q_14 group flex w-fit flex-col-reverse\" tabindex=\"-1\">\n<table class=\"w-fit min-w-(--thread-content-width)\" data-start=\"2035\" data-end=\"2637\">\n<thead data-start=\"2035\" data-end=\"2094\">\n<tr data-start=\"2035\" data-end=\"2094\">\n<th data-start=\"2035\" data-end=\"2053\" data-col-size=\"sm\">Tipus de cookie<\/th>\n<th data-start=\"2053\" data-end=\"2062\" data-col-size=\"sm\">Durada<\/th>\n<th data-start=\"2062\" data-end=\"2081\" data-col-size=\"sm\">Administrada per<\/th>\n<th data-start=\"2081\" data-end=\"2094\" data-col-size=\"xl\">Finalitat<\/th>\n<\/tr>\n<\/thead>\n<tbody data-start=\"2121\" data-end=\"2637\">\n<tr data-start=\"2121\" data-end=\"2372\">\n<td data-start=\"2121\" data-end=\"2148\" data-col-size=\"sm\">Necess\u00e0ries \/ essencials<\/td>\n<td data-col-size=\"sm\" data-start=\"2148\" data-end=\"2157\">Sessi\u00f3<\/td>\n<td data-col-size=\"sm\" data-start=\"2157\" data-end=\"2169\">Nosaltres<\/td>\n<td data-col-size=\"xl\" data-start=\"2169\" data-end=\"2372\">Permeten accedir als serveis del Lloc web i utilitzar-ne les funcions; autentiquen l\u2019usuari i eviten l\u2019\u00fas fraudulent de comptes. Sense aquestes cookies no es podrien prestar els serveis sol\u00b7licitats.<\/td>\n<\/tr>\n<tr data-start=\"2373\" data-end=\"2637\">\n<td data-start=\"2373\" data-end=\"2389\" data-col-size=\"sm\">Funcionalitat<\/td>\n<td data-col-size=\"sm\" data-start=\"2389\" data-end=\"2402\">Persistent<\/td>\n<td data-col-size=\"sm\" data-start=\"2402\" data-end=\"2414\">Nosaltres<\/td>\n<td data-col-size=\"xl\" data-start=\"2414\" data-end=\"2637\">Recorden les opcions que fa l\u2019usuari (p.\u202fex., idioma o dades d\u2019inici de sessi\u00f3) per oferir\u2011li una experi\u00e8ncia m\u00e9s personal i evitar que hagi de tornar a introduir les seves prefer\u00e8ncies cada vegada que utilitza el Lloc.<\/td>\n<\/tr>\n<\/tbody>\n<\/table>\n<div class=\"sticky end-(--thread-content-margin) h-0 self-end select-none\">\n<div class=\"absolute end-0 flex items-end\"><\/div>\n<\/div>\n<\/div>\n<\/div>\n<hr data-start=\"2639\" data-end=\"2642\" \/>\n<h3 data-start=\"2644\" data-end=\"2690\">Les seves opcions respecte a les cookies<\/h3>\n<p data-start=\"2692\" data-end=\"2749\">Si prefereix evitar l\u2019\u00fas de cookies en aquest Lloc web:<\/p>\n<ol data-start=\"2750\" data-end=\"2862\">\n<li data-start=\"2750\" data-end=\"2796\">\n<p data-start=\"2753\" data-end=\"2796\">Deshabiliti les cookies al seu navegador.<\/p>\n<\/li>\n<li data-start=\"2797\" data-end=\"2862\">\n<p data-start=\"2800\" data-end=\"2862\">Elimini les cookies emmagatzemades associades a aquest Lloc.<\/p>\n<\/li>\n<\/ol>\n<p data-start=\"2864\" data-end=\"2999\">Pot fer\u2011ho en qualsevol moment; tanmateix, en rebutjar les cookies \u00e9s possible que algunes funcions del Lloc no funcionin correctament.<\/p>\n<p data-start=\"3001\" data-end=\"3065\"><strong data-start=\"3001\" data-end=\"3063\">Com esborrar o rebutjar cookies als navegadors m\u00e9s comuns:<\/strong><\/p>\n<ul data-start=\"3066\" data-end=\"3447\">\n<li data-start=\"3066\" data-end=\"3128\">\n<p data-start=\"3068\" data-end=\"3128\">Chrome: <a class=\"\" href=\"https:\/\/support.google.com\/accounts\/answer\/32050\" target=\"_new\" rel=\"noopener\" data-start=\"3076\" data-end=\"3126\">https:\/\/support.google.com\/accounts\/answer\/32050<\/a><\/p>\n<\/li>\n<li data-start=\"3129\" data-end=\"3192\">\n<p data-start=\"3131\" data-end=\"3192\">Internet Explorer: <a class=\"\" href=\"http:\/\/support.microsoft.com\/kb\/278835\" target=\"_new\" rel=\"noopener\" data-start=\"3150\" data-end=\"3190\">http:\/\/support.microsoft.com\/kb\/278835<\/a><\/p>\n<\/li>\n<li data-start=\"3193\" data-end=\"3270\">\n<p data-start=\"3195\" data-end=\"3270\">Firefox: <a class=\"\" href=\"https:\/\/support.mozilla.org\/ca\/kb\/eliminar-cookies-dades-llocs\" target=\"_new\" rel=\"noopener\" data-start=\"3204\" data-end=\"3268\">https:\/\/support.mozilla.org\/ca\/kb\/eliminar-cookies-dades-llocs<\/a><\/p>\n<\/li>\n<li data-start=\"3271\" data-end=\"3375\">\n<p data-start=\"3273\" data-end=\"3375\">Safari: <a class=\"\" href=\"https:\/\/support.apple.com\/ca%E2%80%91es\/guide\/safari\/manage-cookies-and-website-data-sfri11471\/mac\" target=\"_new\" rel=\"noopener\" data-start=\"3281\" data-end=\"3373\">https:\/\/support.apple.com\/ca\u2011es\/guide\/safari\/manage-cookies-and-website-data-sfri11471\/mac<\/a><\/p>\n<\/li>\n<li data-start=\"3376\" data-end=\"3447\">\n<p data-start=\"3378\" data-end=\"3447\">Per a altres navegadors, consulti l\u2019ajuda oficial del seu programari.<\/p>\n<\/li>\n<\/ul>\n<hr data-start=\"3449\" data-end=\"3452\" \/>\n<h3 data-start=\"3454\" data-end=\"3492\">M\u00e9s informaci\u00f3 sobre les cookies<\/h3>\n<p data-start=\"3494\" data-end=\"3549\">Pot obtenir-ne m\u00e9s informaci\u00f3 a \u00abQu\u00e8 s\u00f3n les cookies?\u00bb.<\/p>\n<hr data-start=\"3551\" data-end=\"3554\" \/>\n<h3 data-start=\"3556\" data-end=\"3570\">Contacte<\/h3>\n<p data-start=\"3572\" data-end=\"3662\">Si t\u00e9 qualsevol pregunta sobre aquesta Pol\u00edtica de cookies, pot contactar amb nosaltres:<\/p>\n<ul data-start=\"3664\" data-end=\"3788\" data-is-last-node=\"\" data-is-only-node=\"\">\n<li data-start=\"3664\" data-end=\"3708\">\n<p data-start=\"3666\" data-end=\"3708\"><strong data-start=\"3666\" data-end=\"3688\">Correu electr\u00f2nic:<\/strong> [email\u00a0protected]\n<\/li>\n<li data-start=\"3709\" data-end=\"3761\">\n<p data-start=\"3711\" data-end=\"3761\"><strong data-start=\"3711\" data-end=\"3729\">Formulari web:<\/strong> <a class=\"\" href=\"https:\/\/gatefi.es\/ca\/contacte\/\" target=\"_new\" rel=\"noopener\" data-start=\"3730\" data-end=\"3759\">https:\/\/gatefi.es\/contacto\/<\/a><\/p>\n<\/li>\n<li data-start=\"3762\" data-end=\"3788\" data-is-last-node=\"\">\n<p data-start=\"3764\" data-end=\"3788\" data-is-last-node=\"\"><strong data-start=\"3764\" data-end=\"3776\">Tel\u00e8fon:<\/strong> 933\u202f210\u202f900<\/p>\n<\/li>\n<\/ul>\n<\/div><\/div><\/div><\/div><\/div>\n","protected":false},"excerpt":{"rendered":"","protected":false},"author":1,"featured_media":0,"parent":0,"menu_order":0,"comment_status":"closed","ping_status":"closed","template":"","meta":{"footnotes":""},"class_list":["post-851","page","type-page","status-publish","hentry"],"yoast_head":"<!-- This site is optimized with the Yoast SEO plugin v26.0 - https:\/\/yoast.com\/wordpress\/plugins\/seo\/ -->\n<title>cookies - Gatefi<\/title>\n<meta name=\"robots\" content=\"index, follow, max-snippet:-1, max-image-preview:large, max-video-preview:-1\" \/>\n<link rel=\"canonical\" href=\"https:\/\/gatefi.es\/ca\/cookies\/\" \/>\n<meta property=\"og:locale\" content=\"ca_ES\" \/>\n<meta property=\"og:type\" content=\"article\" \/>\n<meta property=\"og:title\" content=\"cookies - Gatefi\" \/>\n<meta property=\"og:url\" content=\"https:\/\/gatefi.es\/ca\/cookies\/\" \/>\n<meta property=\"og:site_name\" content=\"Gatefi\" \/>\n<meta property=\"article:modified_time\" content=\"2025-07-18T10:49:12+00:00\" \/>\n<meta name=\"twitter:card\" content=\"summary_large_image\" \/>\n<meta name=\"twitter:label1\" content=\"Temps estimat de lectura\" \/>\n\t<meta name=\"twitter:data1\" content=\"3 minuts\" \/>\n<script type=\"application\/ld+json\" class=\"yoast-schema-graph\">{\"@context\":\"https:\/\/schema.org\",\"@graph\":[{\"@type\":\"WebPage\",\"@id\":\"https:\/\/gatefi.es\/ca\/cookies\/\",\"url\":\"https:\/\/gatefi.es\/ca\/cookies\/\",\"name\":\"cookies - Gatefi\",\"isPartOf\":{\"@id\":\"https:\/\/gatefi.es\/#website\"},\"datePublished\":\"2025-07-18T10:37:03+00:00\",\"dateModified\":\"2025-07-18T10:49:12+00:00\",\"breadcrumb\":{\"@id\":\"https:\/\/gatefi.es\/ca\/cookies\/#breadcrumb\"},\"inLanguage\":\"ca\",\"potentialAction\":[{\"@type\":\"ReadAction\",\"target\":[\"https:\/\/gatefi.es\/ca\/cookies\/\"]}]},{\"@type\":\"BreadcrumbList\",\"@id\":\"https:\/\/gatefi.es\/ca\/cookies\/#breadcrumb\",\"itemListElement\":[{\"@type\":\"ListItem\",\"position\":1,\"name\":\"Portada\",\"item\":\"https:\/\/gatefi.es\/ca\/home\/\"},{\"@type\":\"ListItem\",\"position\":2,\"name\":\"cookies\"}]},{\"@type\":\"WebSite\",\"@id\":\"https:\/\/gatefi.es\/#website\",\"url\":\"https:\/\/gatefi.es\/\",\"name\":\"Gatefi\",\"description\":\"\",\"publisher\":{\"@id\":\"https:\/\/gatefi.es\/#organization\"},\"potentialAction\":[{\"@type\":\"SearchAction\",\"target\":{\"@type\":\"EntryPoint\",\"urlTemplate\":\"https:\/\/gatefi.es\/?s={search_term_string}\"},\"query-input\":{\"@type\":\"PropertyValueSpecification\",\"valueRequired\":true,\"valueName\":\"search_term_string\"}}],\"inLanguage\":\"ca\"},{\"@type\":\"Organization\",\"@id\":\"https:\/\/gatefi.es\/#organization\",\"name\":\"Gatefi\",\"url\":\"https:\/\/gatefi.es\/\",\"logo\":{\"@type\":\"ImageObject\",\"inLanguage\":\"ca\",\"@id\":\"https:\/\/gatefi.es\/#\/schema\/logo\/image\/\",\"url\":\"https:\/\/gatefi.es\/wp-content\/uploads\/2025\/05\/logo-2.png\",\"contentUrl\":\"https:\/\/gatefi.es\/wp-content\/uploads\/2025\/05\/logo-2.png\",\"width\":133,\"height\":55,\"caption\":\"Gatefi\"},\"image\":{\"@id\":\"https:\/\/gatefi.es\/#\/schema\/logo\/image\/\"}}]}<\/script>\n<!-- \/ Yoast SEO plugin. -->","yoast_head_json":{"title":"cookies - Gatefi","robots":{"index":"index","follow":"follow","max-snippet":"max-snippet:-1","max-image-preview":"max-image-preview:large","max-video-preview":"max-video-preview:-1"},"canonical":"https:\/\/gatefi.es\/ca\/cookies\/","og_locale":"ca_ES","og_type":"article","og_title":"cookies - Gatefi","og_url":"https:\/\/gatefi.es\/ca\/cookies\/","og_site_name":"Gatefi","article_modified_time":"2025-07-18T10:49:12+00:00","twitter_card":"summary_large_image","twitter_misc":{"Temps estimat de lectura":"3 minuts"},"schema":{"@context":"https:\/\/schema.org","@graph":[{"@type":"WebPage","@id":"https:\/\/gatefi.es\/ca\/cookies\/","url":"https:\/\/gatefi.es\/ca\/cookies\/","name":"cookies - Gatefi","isPartOf":{"@id":"https:\/\/gatefi.es\/#website"},"datePublished":"2025-07-18T10:37:03+00:00","dateModified":"2025-07-18T10:49:12+00:00","breadcrumb":{"@id":"https:\/\/gatefi.es\/ca\/cookies\/#breadcrumb"},"inLanguage":"ca","potentialAction":[{"@type":"ReadAction","target":["https:\/\/gatefi.es\/ca\/cookies\/"]}]},{"@type":"BreadcrumbList","@id":"https:\/\/gatefi.es\/ca\/cookies\/#breadcrumb","itemListElement":[{"@type":"ListItem","position":1,"name":"Portada","item":"https:\/\/gatefi.es\/ca\/home\/"},{"@type":"ListItem","position":2,"name":"cookies"}]},{"@type":"WebSite","@id":"https:\/\/gatefi.es\/#website","url":"https:\/\/gatefi.es\/","name":"Gatefi","description":"","publisher":{"@id":"https:\/\/gatefi.es\/#organization"},"potentialAction":[{"@type":"SearchAction","target":{"@type":"EntryPoint","urlTemplate":"https:\/\/gatefi.es\/?s={search_term_string}"},"query-input":{"@type":"PropertyValueSpecification","valueRequired":true,"valueName":"search_term_string"}}],"inLanguage":"ca"},{"@type":"Organization","@id":"https:\/\/gatefi.es\/#organization","name":"Gatefi","url":"https:\/\/gatefi.es\/","logo":{"@type":"ImageObject","inLanguage":"ca","@id":"https:\/\/gatefi.es\/#\/schema\/logo\/image\/","url":"https:\/\/gatefi.es\/wp-content\/uploads\/2025\/05\/logo-2.png","contentUrl":"https:\/\/gatefi.es\/wp-content\/uploads\/2025\/05\/logo-2.png","width":133,"height":55,"caption":"Gatefi"},"image":{"@id":"https:\/\/gatefi.es\/#\/schema\/logo\/image\/"}}]}},"_links":{"self":[{"href":"https:\/\/gatefi.es\/ca\/wp-json\/wp\/v2\/pages\/851","targetHints":{"allow":["GET"]}}],"collection":[{"href":"https:\/\/gatefi.es\/ca\/wp-json\/wp\/v2\/pages"}],"about":[{"href":"https:\/\/gatefi.es\/ca\/wp-json\/wp\/v2\/types\/page"}],"author":[{"embeddable":true,"href":"https:\/\/gatefi.es\/ca\/wp-json\/wp\/v2\/users\/1"}],"replies":[{"embeddable":true,"href":"https:\/\/gatefi.es\/ca\/wp-json\/wp\/v2\/comments?post=851"}],"version-history":[{"count":1,"href":"https:\/\/gatefi.es\/ca\/wp-json\/wp\/v2\/pages\/851\/revisions"}],"predecessor-version":[{"id":854,"href":"https:\/\/gatefi.es\/ca\/wp-json\/wp\/v2\/pages\/851\/revisions\/854"}],"wp:attachment":[{"href":"https:\/\/gatefi.es\/ca\/wp-json\/wp\/v2\/media?parent=851"}],"curies":[{"name":"wp","href":"https:\/\/api.w.org\/{rel}","templated":true}]}}