{"id":839,"date":"2025-05-20T10:10:59","date_gmt":"2025-05-20T10:10:59","guid":{"rendered":"https:\/\/gatefi.es\/politica-de-privacitat\/"},"modified":"2025-05-20T10:10:59","modified_gmt":"2025-05-20T10:10:59","slug":"politica-de-privacitat","status":"publish","type":"page","link":"https:\/\/gatefi.es\/ca\/politica-de-privacitat\/","title":{"rendered":"Pol\u00edtica de Privacitat"},"content":{"rendered":"\n<p><strong><span style=\"font-family: 'Arial',sans-serif; color: black;\">POL\u00cdTICA DE PRIVACITAT<\/span><\/strong><\/p>\n<p><span style=\"font-family: 'Arial',sans-serif; color: black;\">El present Pol\u00edtica de Privacitat estableix els termes en qu\u00e8 Gatefi SL usa i protegeix la informaci\u00f3 que \u00e9s proporcionada pels seus usuaris al moment d&#8217;utilitzar el seu lloc web. Aquesta companyia est\u00e0 compromesa amb la seguretat de les dades dels seus usuaris. Quan li demanem omplir els camps d&#8217;informaci\u00f3 personal amb la qual vost\u00e8 pugui ser identificat, ho fem assegurant que nom\u00e9s s&#8217;emprar\u00e0 d&#8217;acord amb els termes d&#8217;aquest document. No obstant aix\u00f2 aquesta Pol\u00edtica de Privacitat pot canviar amb el temps o ser actualitzada pel que li recomanem i emfatitzem revisar cont\u00ednuament aquesta p\u00e0gina per a assegurar-se que est\u00e0 d&#8217;acord amb aquests canvis.   <\/span><\/p>\n<p><strong><span style=\"font-family: 'Arial',sans-serif; color: black;\">Informaci\u00f3 que \u00e9s recollida<\/span><\/strong><\/p>\n<p><span style=\"font-family: 'Arial',sans-serif; color: black;\">El nostre lloc web podr\u00e0 recollir informaci\u00f3 personal per exemple: Nom, informaci\u00f3 de contacte com la seva adre\u00e7a de correu electr\u00f2nica i informaci\u00f3 demogr\u00e0fica. Aix\u00ed mateix quan sigui necessari podr\u00e0 ser requerida informaci\u00f3 espec\u00edfica per a processar alguna comanda o realitzar un lliurament o facturaci\u00f3. <\/span><\/p>\n<p><strong><span style=\"font-family: 'Arial',sans-serif; color: black;\">\u00das de la informaci\u00f3 recollida<\/span><\/strong><\/p>\n<p><span style=\"font-family: 'Arial',sans-serif; color: black;\">El nostre lloc web empra la informaci\u00f3 amb la finalitat de proporcionar el millor servei possible, particularment per a mantenir un registre d&#8217;usuaris, de comandes en cas que aplicaci\u00f3, i millorar els nostres productes i serveis. \u00c9s possible que siguin enviats correus electr\u00f2nics peri\u00f2dicament a trav\u00e9s del nostre lloc amb ofertes especials, nous productes i una altra informaci\u00f3 publicit\u00e0ria que considerem rellevant per a vost\u00e8 o que pugui brindar-li algun benefici, aquests correus electr\u00f2nics seran enviats a l&#8217;adre\u00e7a que vost\u00e8 proporcioni i podran ser cancel\u00b7lats en qualsevol moment. <\/span><\/p>\n<p><span style=\"font-family: 'Arial',sans-serif; color: black;\">Gatefi SL est\u00e0 altament comprom\u00e8s per a complir amb el comprom\u00eds de mantenir la seva informaci\u00f3 segura. Usem els sistemes m\u00e9s avan\u00e7ats i els actualitzem constantment per a assegurar-nos que no existeixi cap acc\u00e9s no autoritzat. <\/span><\/p>\n<p><strong><span style=\"font-family: 'Arial',sans-serif; color: black;\">Cookies<\/span><\/strong><\/p>\n<p><span style=\"font-family: 'Arial',sans-serif; color: black;\">Una cookie es refereix a un fitxer que \u00e9s enviat amb la finalitat de sol\u00b7licitar perm\u00eds per a emmagatzemar-se en el seu ordinador, en acceptar aquest fitxer es crea i la cookie serveix llavors per a tenir informaci\u00f3 respecte al tr\u00e0nsit web, i tamb\u00e9 facilita les futures visites a una web recurrent. Una altra funci\u00f3 que tenen les cookies \u00e9s que amb elles les web poden recon\u00e8ixer-te individualment i per tant brindar-te el millor servei personalitzat del seu web. <\/span><\/p>\n<p><span style=\"font-family: 'Arial',sans-serif; color: black;\">El nostre lloc web empra les cookies per a poder identificar les p\u00e0gines que s\u00f3n visitades i la seva freq\u00fc\u00e8ncia. Aquesta informaci\u00f3 \u00e9s emprada \u00fanicament per a an\u00e0lisi estad\u00edstica i despr\u00e9s la informaci\u00f3 s&#8217;elimina de manera permanent. Vost\u00e8 pot eliminar les cookies en qualsevol moment des del seu ordinador. No obstant aix\u00f2 les cookies ajuden a proporcionar un millor servei dels llocs web, est\u00e0s no donen acc\u00e9s a informaci\u00f3 del seu ordinador ni de vost\u00e8, a menys que vost\u00e8 aix\u00ed ho vulgui i la proporcioni directament . Vost\u00e8 pot acceptar o negar l&#8217;\u00fas de cookies, no obstant aix\u00f2 la majoria de navegadors accepten cookies autom\u00e0ticament perqu\u00e8 serveix per a tenir un millor servei web. Tamb\u00e9 vost\u00e8 pot canviar la configuraci\u00f3 del seu ordinador per a declinar les cookies. Si es declinen \u00e9s possible que no pugui utilitzar alguns dels nostres serveis.      <\/span><\/p>\n<p><strong><span style=\"font-family: 'Arial',sans-serif; color: black;\">Enlla\u00e7os a Tercers<\/span><\/strong><\/p>\n<p><span style=\"font-family: 'Arial',sans-serif; color: black;\">Aquest lloc web pogu\u00e9s contenir enlla\u00e7os a altres llocs que poguessin ser del seu inter\u00e8s. Una vegada que vost\u00e8 de clic en aquests enlla\u00e7os i abandoni la nostra p\u00e0gina, ja no tenim control sobre al lloc al qual \u00e9s redirigit i per tant no som responsables dels termes o privacitat ni de la protecci\u00f3 de les seves dades en aquests altres llocs tercers. Aquests llocs estan subjectes a les seves pr\u00f2pies pol\u00edtiques de privacitat per la qual cosa \u00e9s recomanable que els consulti per a confirmar que vost\u00e8 est\u00e0 d&#8217;acord amb aquestes.  <\/span><\/p>\n<p><strong><span style=\"font-family: 'Arial',sans-serif; color: black;\">Control de la seva informaci\u00f3 personal<\/span><\/strong><\/p>\n<p><span style=\"font-family: 'Arial',sans-serif; color: black;\">En qualsevol moment vost\u00e8 pot restringir la recopilaci\u00f3 o l&#8217;\u00fas de la informaci\u00f3 personal que \u00e9s proporcionada al nostre lloc web. Cada vegada que se li sol\u00b7liciti emplenar un formulari, com el d&#8217;alta d&#8217;usuari, pot marcar o desmarcar l&#8217;opci\u00f3 de rebre informaci\u00f3 per correu electr\u00f2nic. En cas que hagi marcat l&#8217;opci\u00f3 de rebre el nostre butllet\u00ed o publicitat vost\u00e8 pot cancel\u00b7lar-la en qualsevol moment.  <\/span><\/p>\n<p><span style=\"font-family: 'Arial',sans-serif; color: black;\">Aquesta companyia no vendr\u00e0, cedir\u00e0 ni distribuir\u00e0 la informaci\u00f3 personal que \u00e9s recopilada sense el seu consentiment, tret que sigui requerit per un jutge amb un ordre judicial.<\/span><\/p>\n<p><span style=\"font-family: 'Arial',sans-serif; color: black;\">Gatefi SL Es reserva el dret de canviar els termes de la present Pol\u00edtica de Privacitat en qualsevol moment.<\/span><\/p>","protected":false},"excerpt":{"rendered":"<p>POL\u00cdTICA DE PRIVACITAT El present Pol\u00edtica de Privacitat estableix els  [&#8230;]<\/p>\n","protected":false},"author":1,"featured_media":0,"parent":0,"menu_order":0,"comment_status":"closed","ping_status":"open","template":"","meta":{"footnotes":""},"class_list":["post-839","page","type-page","status-publish","hentry"],"yoast_head":"<!-- This site is optimized with the Yoast SEO plugin v26.0 - https:\/\/yoast.com\/wordpress\/plugins\/seo\/ -->\n<title>Pol\u00edtica de Privacitat - Gatefi<\/title>\n<meta name=\"robots\" content=\"index, follow, max-snippet:-1, max-image-preview:large, max-video-preview:-1\" \/>\n<link rel=\"canonical\" href=\"https:\/\/gatefi.es\/politica-de-privacitat\/\" \/>\n<meta property=\"og:locale\" content=\"ca_ES\" \/>\n<meta property=\"og:type\" content=\"article\" \/>\n<meta property=\"og:title\" content=\"Pol\u00edtica de Privacitat - Gatefi\" \/>\n<meta property=\"og:description\" content=\"POL\u00cdTICA DE PRIVACITAT El present Pol\u00edtica de Privacitat estableix els [...]\" \/>\n<meta property=\"og:url\" content=\"https:\/\/gatefi.es\/politica-de-privacitat\/\" \/>\n<meta property=\"og:site_name\" content=\"Gatefi\" \/>\n<meta name=\"twitter:card\" content=\"summary_large_image\" \/>\n<meta name=\"twitter:label1\" content=\"Temps estimat de lectura\" \/>\n\t<meta name=\"twitter:data1\" content=\"4 minuts\" \/>\n<script type=\"application\/ld+json\" class=\"yoast-schema-graph\">{\"@context\":\"https:\/\/schema.org\",\"@graph\":[{\"@type\":\"WebPage\",\"@id\":\"https:\/\/gatefi.es\/politica-de-privacitat\/\",\"url\":\"https:\/\/gatefi.es\/politica-de-privacitat\/\",\"name\":\"Pol\u00edtica de Privacitat - Gatefi\",\"isPartOf\":{\"@id\":\"https:\/\/gatefi.es\/#website\"},\"datePublished\":\"2025-05-20T10:10:59+00:00\",\"breadcrumb\":{\"@id\":\"https:\/\/gatefi.es\/politica-de-privacitat\/#breadcrumb\"},\"inLanguage\":\"ca\",\"potentialAction\":[{\"@type\":\"ReadAction\",\"target\":[\"https:\/\/gatefi.es\/politica-de-privacitat\/\"]}]},{\"@type\":\"BreadcrumbList\",\"@id\":\"https:\/\/gatefi.es\/politica-de-privacitat\/#breadcrumb\",\"itemListElement\":[{\"@type\":\"ListItem\",\"position\":1,\"name\":\"Portada\",\"item\":\"https:\/\/gatefi.es\/ca\/home\/\"},{\"@type\":\"ListItem\",\"position\":2,\"name\":\"Pol\u00edtica de Privacitat\"}]},{\"@type\":\"WebSite\",\"@id\":\"https:\/\/gatefi.es\/#website\",\"url\":\"https:\/\/gatefi.es\/\",\"name\":\"Gatefi\",\"description\":\"\",\"publisher\":{\"@id\":\"https:\/\/gatefi.es\/#organization\"},\"potentialAction\":[{\"@type\":\"SearchAction\",\"target\":{\"@type\":\"EntryPoint\",\"urlTemplate\":\"https:\/\/gatefi.es\/?s={search_term_string}\"},\"query-input\":{\"@type\":\"PropertyValueSpecification\",\"valueRequired\":true,\"valueName\":\"search_term_string\"}}],\"inLanguage\":\"ca\"},{\"@type\":\"Organization\",\"@id\":\"https:\/\/gatefi.es\/#organization\",\"name\":\"Gatefi\",\"url\":\"https:\/\/gatefi.es\/\",\"logo\":{\"@type\":\"ImageObject\",\"inLanguage\":\"ca\",\"@id\":\"https:\/\/gatefi.es\/#\/schema\/logo\/image\/\",\"url\":\"https:\/\/gatefi.es\/wp-content\/uploads\/2025\/05\/logo-2.png\",\"contentUrl\":\"https:\/\/gatefi.es\/wp-content\/uploads\/2025\/05\/logo-2.png\",\"width\":133,\"height\":55,\"caption\":\"Gatefi\"},\"image\":{\"@id\":\"https:\/\/gatefi.es\/#\/schema\/logo\/image\/\"}}]}<\/script>\n<!-- \/ Yoast SEO plugin. -->","yoast_head_json":{"title":"Pol\u00edtica de Privacitat - Gatefi","robots":{"index":"index","follow":"follow","max-snippet":"max-snippet:-1","max-image-preview":"max-image-preview:large","max-video-preview":"max-video-preview:-1"},"canonical":"https:\/\/gatefi.es\/politica-de-privacitat\/","og_locale":"ca_ES","og_type":"article","og_title":"Pol\u00edtica de Privacitat - Gatefi","og_description":"POL\u00cdTICA DE PRIVACITAT El present Pol\u00edtica de Privacitat estableix els [...]","og_url":"https:\/\/gatefi.es\/politica-de-privacitat\/","og_site_name":"Gatefi","twitter_card":"summary_large_image","twitter_misc":{"Temps estimat de lectura":"4 minuts"},"schema":{"@context":"https:\/\/schema.org","@graph":[{"@type":"WebPage","@id":"https:\/\/gatefi.es\/politica-de-privacitat\/","url":"https:\/\/gatefi.es\/politica-de-privacitat\/","name":"Pol\u00edtica de Privacitat - Gatefi","isPartOf":{"@id":"https:\/\/gatefi.es\/#website"},"datePublished":"2025-05-20T10:10:59+00:00","breadcrumb":{"@id":"https:\/\/gatefi.es\/politica-de-privacitat\/#breadcrumb"},"inLanguage":"ca","potentialAction":[{"@type":"ReadAction","target":["https:\/\/gatefi.es\/politica-de-privacitat\/"]}]},{"@type":"BreadcrumbList","@id":"https:\/\/gatefi.es\/politica-de-privacitat\/#breadcrumb","itemListElement":[{"@type":"ListItem","position":1,"name":"Portada","item":"https:\/\/gatefi.es\/ca\/home\/"},{"@type":"ListItem","position":2,"name":"Pol\u00edtica de Privacitat"}]},{"@type":"WebSite","@id":"https:\/\/gatefi.es\/#website","url":"https:\/\/gatefi.es\/","name":"Gatefi","description":"","publisher":{"@id":"https:\/\/gatefi.es\/#organization"},"potentialAction":[{"@type":"SearchAction","target":{"@type":"EntryPoint","urlTemplate":"https:\/\/gatefi.es\/?s={search_term_string}"},"query-input":{"@type":"PropertyValueSpecification","valueRequired":true,"valueName":"search_term_string"}}],"inLanguage":"ca"},{"@type":"Organization","@id":"https:\/\/gatefi.es\/#organization","name":"Gatefi","url":"https:\/\/gatefi.es\/","logo":{"@type":"ImageObject","inLanguage":"ca","@id":"https:\/\/gatefi.es\/#\/schema\/logo\/image\/","url":"https:\/\/gatefi.es\/wp-content\/uploads\/2025\/05\/logo-2.png","contentUrl":"https:\/\/gatefi.es\/wp-content\/uploads\/2025\/05\/logo-2.png","width":133,"height":55,"caption":"Gatefi"},"image":{"@id":"https:\/\/gatefi.es\/#\/schema\/logo\/image\/"}}]}},"_links":{"self":[{"href":"https:\/\/gatefi.es\/ca\/wp-json\/wp\/v2\/pages\/839","targetHints":{"allow":["GET"]}}],"collection":[{"href":"https:\/\/gatefi.es\/ca\/wp-json\/wp\/v2\/pages"}],"about":[{"href":"https:\/\/gatefi.es\/ca\/wp-json\/wp\/v2\/types\/page"}],"author":[{"embeddable":true,"href":"https:\/\/gatefi.es\/ca\/wp-json\/wp\/v2\/users\/1"}],"replies":[{"embeddable":true,"href":"https:\/\/gatefi.es\/ca\/wp-json\/wp\/v2\/comments?post=839"}],"version-history":[{"count":0,"href":"https:\/\/gatefi.es\/ca\/wp-json\/wp\/v2\/pages\/839\/revisions"}],"wp:attachment":[{"href":"https:\/\/gatefi.es\/ca\/wp-json\/wp\/v2\/media?parent=839"}],"curies":[{"name":"wp","href":"https:\/\/api.w.org\/{rel}","templated":true}]}}