{"id":675,"date":"2025-05-30T11:31:30","date_gmt":"2025-05-30T11:31:30","guid":{"rendered":"https:\/\/gatefi.es\/blog\/"},"modified":"2025-09-22T10:25:16","modified_gmt":"2025-09-22T10:25:16","slug":"blog","status":"publish","type":"page","link":"https:\/\/gatefi.es\/ca\/blog\/","title":{"rendered":"Blog"},"content":{"rendered":"<div class=\"fusion-fullwidth fullwidth-box fusion-builder-row-1 fusion-flex-container has-pattern-background has-mask-background nonhundred-percent-fullwidth non-hundred-percent-height-scrolling fusion-custom-z-index\" style=\"--awb-border-radius-top-left:0px;--awb-border-radius-top-right:0px;--awb-border-radius-bottom-right:0px;--awb-border-radius-bottom-left:0px;--awb-z-index:1;--awb-margin-top:-60px;--awb-flex-wrap:wrap;\" ><div class=\"fusion-builder-row fusion-row fusion-flex-align-items-flex-start fusion-flex-content-wrap\" style=\"max-width:1248px;margin-left: calc(-4% \/ 2 );margin-right: calc(-4% \/ 2 );\"><div class=\"fusion-layout-column fusion_builder_column fusion-builder-column-0 fusion-flex-column\" style=\"--awb-padding-top:60px;--awb-bg-size:cover;--awb-width-large:70%;--awb-margin-top-large:0px;--awb-spacing-right-large:2.7428571428571%;--awb-margin-bottom-large:20px;--awb-spacing-left-large:2.7428571428571%;--awb-width-medium:70%;--awb-order-medium:0;--awb-spacing-right-medium:2.7428571428571%;--awb-spacing-left-medium:2.7428571428571%;--awb-width-small:100%;--awb-order-small:0;--awb-spacing-right-small:1.92%;--awb-spacing-left-small:1.92%;\" data-scroll-devices=\"small-visibility,medium-visibility,large-visibility\"><div class=\"fusion-column-wrapper fusion-column-has-shadow fusion-flex-justify-content-flex-start fusion-content-layout-column\"><div class=\"fusion-blog-shortcode fusion-blog-shortcode-1 fusion-blog-archive fusion-blog-layout-large fusion-blog-pagination fusion-blog-no-images\" style=\"--awb-title-font-size:25px;\"><div class=\"fusion-posts-container fusion-posts-container-pagination fusion-no-meta-info\" data-pages=\"2\"><article id=\"blog-1-post-1254\" class=\"fusion-post-large post-1254 post type-post status-publish format-standard hentry category-agencia-tributaria-ca category-fiscal-ca\">\n<div class=\"fusion-post-content post-content\"><h2 class=\"blog-shortcode-post-title entry-title\"><a href=\"https:\/\/gatefi.es\/ca\/nou-reglament-de-transferencies-immediates\/\">Nou Reglament de Transfer\u00e8ncies Immediates<\/a><\/h2><div class=\"fusion-post-content-container\"><p>Nou Reglament de Transfer\u00e8ncies Immediates En compliment del nou Reglament europeu de pagaments instantanis (Reg. UE 2024\/886), a partir de l'octubre de 2025 s'implementaran importants millores al servei de transfer\u00e8ncies SEPA, tant en les transfer\u00e8ncies ordin\u00e0ries com en les immediates. Aquestes mesures tenen com a objectiu refor\u00e7ar la seguretat, l'efici\u00e8ncia i la transpar\u00e8ncia en les operacions banc\u00e0ries. Transfer\u00e8ncies en euros en menys de deu segons Not\u00edcies | Parlament Europeu Qu\u00e8 canvia? - Disponibilitat 24 h, 7 dies a la setmana i 365 dies a l'any: les transfer\u00e8ncies immediates estaran disponibles a qualsevol moment. - Processament m\u00e9s r\u00e0pid: el temps dexecuci\u00f3 duna transfer\u00e8ncia immediata es reduir\u00e0 a 10 segons. - El mateix preu: les transfer\u00e8ncies immediates tindran el mateix cost que les ordin\u00e0ries. - Gesti\u00f3 de l\u00edmits: podr\u00e0 establir l\u00edmits diaris o per operaci\u00f3 per a m\u00e9s control. - [...]<\/p><\/div><\/div><div class=\"fusion-clearfix\"><\/div><\/article>\n<article id=\"blog-1-post-687\" class=\"fusion-post-large post-687 post type-post status-publish format-standard has-post-thumbnail hentry category-agencia-tributaria-ca category-fiscal-ca category-iva-ca\">\n<div class=\"fusion-post-content post-content\"><h2 class=\"blog-shortcode-post-title entry-title\"><a href=\"https:\/\/gatefi.es\/ca\/calendari-del-contribuent-abril-2025\/\">Calendari del contribuent: abril 2025<\/a><\/h2><div class=\"fusion-post-content-container\"><p> Calendari del contribuent: abril 2025  Renda, Setmana Santa, Primer Trimestre; almenys la Fira d\u2019Abril de Sevilla cau al maig aquest any\u2026 Abril ve carregat.  Diu la dita que a l\u2019abril, aig\u00fces mil. Tamb\u00e9 podem afegir que \u00e9s un mes marcat per l\u2019inici de la campanya de la Renda i la presentaci\u00f3 dels impostos del primer trimestre a l\u2019Ag\u00e8ncia Tribut\u00e0ria. A continuaci\u00f3 us relacionem les dates clau d\u2019aquest mes de primavera en les presentacions m\u00e9s habituals:     Fins al 21 d\u2019abril  Renda i Societats  Retencions i ingressos a compte dels rendiments del treball, d\u2019activitats econ\u00f2miques, premis i determinats guanys patrimonials i imputacions de renda; guanys derivats d\u2019accions i participacions de les Institucions d\u2019Inversi\u00f3 Col\u00b7lectiva; rendes de lloguer d\u2019immobles urbans; capital mobiliari; persones autoritzades i saldos en comptes, i de rendes de [...]<\/p><\/div><\/div><div class=\"fusion-clearfix\"><\/div><\/article>\n<article id=\"blog-1-post-690\" class=\"fusion-post-large post-690 post type-post status-publish format-standard has-post-thumbnail hentry category-agencia-tributaria-ca category-fiscal-ca\">\n<div class=\"fusion-post-content post-content\"><h2 class=\"blog-shortcode-post-title entry-title\"><a href=\"https:\/\/gatefi.es\/ca\/comenca-la-campanya-de-la-renda-2024\/\">Comen\u00e7a la campanya de la Renda 2024<\/a><\/h2><div class=\"fusion-post-content-container\"><p> Comen\u00e7a la campanya de la Renda 2024  Ja disponibles les dades fiscals Hisenda ha habilitat, des del 19 de mar\u00e7, al seu lloc web, la desc\u00e0rrega de les dades fiscals i part dels continguts informatius de la campanya de la Renda 2024, de manera que es puguin avan\u00e7ar les gestions adre\u00e7ades a la presentaci\u00f3 de la declaraci\u00f3 de la Renda corresponent a l\u2019exercici 2024, que es podr\u00e0 presentar a partir del proper 2 d\u2019abril.     Disponible tamb\u00e9 l\u2019obtenci\u00f3 del n\u00famero de refer\u00e8ncia per a la Campanya de la Renda 2024  Tamb\u00e9 est\u00e0 disponible el nou servei per obtenir el n\u00famero de refer\u00e8ncia per al 2024, que et permetr\u00e0 gestionar tots els serveis de la Campanya de la Renda 2024 (i per a les campanyes anteriors). El n\u00famero de refer\u00e8ncia que haguessis obtingut [...]<\/p><\/div><\/div><div class=\"fusion-clearfix\"><\/div><\/article>\n<article id=\"blog-1-post-693\" class=\"fusion-post-large post-693 post type-post status-publish format-standard has-post-thumbnail hentry category-agencia-tributaria-ca category-fiscal-ca category-iva-ca\">\n<div class=\"fusion-post-content post-content\"><h2 class=\"blog-shortcode-post-title entry-title\"><a href=\"https:\/\/gatefi.es\/ca\/model-347\/\">Model 347<\/a><\/h2><div class=\"fusion-post-content-container\"><p> Model 347. Preguntes freq\u00fcents   Preguntes freq\u00fcents sobre el Model 347 a Espanya  Qu\u00e8 \u00e9s el model 347?  El model 347 \u00e9s una declaraci\u00f3 informativa anual que han de presentar els aut\u00f2noms i les empreses a Espanya per informar l\u2019Ag\u00e8ncia Tribut\u00e0ria sobre les operacions amb tercers que superin els 3.005,06 \u20ac (IVA incl\u00f2s) en un any natural.     Qui est\u00e0 obligat a presentar el model 347?  Estan obligats a presentar el model 347 els empresaris i professionals que realitzin activitats econ\u00f2miques i que, en conjunt, hagin fet operacions amb una altra persona o entitat que superin els 3.005,06 \u20ac en l\u2019any natural. Tamb\u00e9 l\u2019han de presentar les entitats o establiments de car\u00e0cter social i les comunitats de propietaris per les adquisicions de b\u00e9ns i serveis que superin aquesta quantitat.  [...]<\/p><\/div><\/div><div class=\"fusion-clearfix\"><\/div><\/article>\n<article id=\"blog-1-post-696\" class=\"fusion-post-large post-696 post type-post status-publish format-standard has-post-thumbnail hentry category-agencia-tributaria-ca category-fiscal-ca\">\n<div class=\"fusion-post-content post-content\"><h2 class=\"blog-shortcode-post-title entry-title\"><a href=\"https:\/\/gatefi.es\/ca\/consells-per-estalviar-a-la-renda-2024\/\">Consells per estalviar a la Renda 2024.<\/a><\/h2><div class=\"fusion-post-content-container\"><p> Consells per estalviar a la Renda 2024.  La declaraci\u00f3 de la renda pot ser una oportunitat per estalviar si coneixes les deduccions disponibles i compleixes els requisits necessaris. Aqu\u00ed t'expliquem algunes de les deduccions m\u00e9s comunes i com pots beneficiar-te'n.     1. Aportacions a Plans de Pensions  Realitzar aportacions a un pla de pensions \u00e9s una excel\u00b7lent manera de reduir la teva base imposable. Per a aix\u00f2: Has de realitzar les aportacions abans del 31 de desembre. El l\u00edmit m\u00e0xim dedu\u00efble \u00e9s de 1.500 euros per a plans individuals i 8.500 euros per a plans d'ocupaci\u00f3.  2. Inversions en Empreses de Nova Creaci\u00f3  Invertir en startups no nom\u00e9s dona suport a la innovaci\u00f3, sin\u00f3 que tamb\u00e9 et permet deduir part de la teva inversi\u00f3: La deducci\u00f3 \u00e9s del 50% de [...]<\/p><\/div><\/div><div class=\"fusion-clearfix\"><\/div><\/article>\n<article id=\"blog-1-post-699\" class=\"fusion-post-large post-699 post type-post status-publish format-standard has-post-thumbnail hentry category-laboral-ca\">\n<div class=\"fusion-post-content post-content\"><h2 class=\"blog-shortcode-post-title entry-title\"><a href=\"https:\/\/gatefi.es\/ca\/la-importancia-de-la-concrecio-en-el-periode-de-prova-analisi-de-la-sts-1164-2024\/\">La Import\u00e0ncia de la Concreci\u00f3 en el Per\u00edode de Prova: An\u00e0lisi de la STS 1164\/2024<\/a><\/h2><div class=\"fusion-post-content-container\"><p> La Import\u00e0ncia de la Concreci\u00f3 en el Per\u00edode de Prova: An\u00e0lisi de la STS 1164\/2024  El Tribunal Suprem, en la seva sent\u00e8ncia del 24 de setembre de 2024 (STS 1164\/2024), ha abordat un tema crucial per a la seguretat jur\u00eddica dels treballadors: la validesa de les cl\u00e0usules sobre el per\u00edode de prova en els contractes de treball.     Context de la Sent\u00e8ncia  En aquest cas, es q\u00fcestionava una cl\u00e0usula contractual que remetia al conveni col\u00b7lectiu aplicable sense especificar una durada concreta per al per\u00edode de prova. Aquesta falta de concreci\u00f3 generava incertesa per al treballador, qui no podia con\u00e8ixer amb exactitud quan finalitzava aquest per\u00edode.  Decisi\u00f3 del Tribunal  El Tribunal Suprem va declarar nul\u00b7la aquesta cl\u00e0usula, argumentant que la indeterminaci\u00f3 en la durada del per\u00edode de prova crea una greu [...]<\/p><\/div><\/div><div class=\"fusion-clearfix\"><\/div><\/article>\n<\/div><div class=\"pagination clearfix\"><span class=\"current\">1<\/span><a href=\"https:\/\/gatefi.es\/ca\/wp-json\/wp\/v2\/pages\/675\/page\/2\/\" class=\"inactive\">2<\/a><a class=\"pagination-next\" rel=\"next\" href=\"https:\/\/gatefi.es\/ca\/wp-json\/wp\/v2\/pages\/675\/page\/2\/\"><span class=\"page-text\">Next<\/span><span class=\"page-next\"><\/span><\/a><\/div><div class=\"fusion-clearfix\"><\/div><\/div><\/div><\/div><div class=\"fusion-layout-column fusion_builder_column fusion-builder-column-1 fusion-flex-column\" style=\"--awb-bg-size:cover;--awb-width-large:3%;--awb-margin-top-large:0px;--awb-spacing-right-large:64%;--awb-margin-bottom-large:20px;--awb-spacing-left-large:64%;--awb-width-medium:3%;--awb-order-medium:0;--awb-spacing-right-medium:64%;--awb-spacing-left-medium:64%;--awb-width-small:100%;--awb-order-small:0;--awb-spacing-right-small:1.92%;--awb-spacing-left-small:1.92%;\" data-scroll-devices=\"small-visibility,medium-visibility,large-visibility\"><div class=\"fusion-column-wrapper fusion-column-has-shadow fusion-flex-justify-content-flex-start fusion-content-layout-column\"><\/div><\/div><div class=\"fusion-layout-column fusion_builder_column fusion-builder-column-2 fusion-flex-column\" style=\"--awb-padding-top:100px;--awb-bg-size:cover;--awb-width-large:20%;--awb-margin-top-large:0px;--awb-spacing-right-large:-14.4%;--awb-margin-bottom-large:50px;--awb-spacing-left-large:20.16%;--awb-width-medium:20%;--awb-order-medium:0;--awb-spacing-right-medium:-14.4%;--awb-spacing-left-medium:20.16%;--awb-width-small:100%;--awb-order-small:0;--awb-spacing-right-small:1.92%;--awb-spacing-left-small:1.92%;\" data-scroll-devices=\"small-visibility,medium-visibility,large-visibility\"><div class=\"fusion-column-wrapper fusion-column-has-shadow fusion-flex-justify-content-flex-start fusion-content-layout-column\"><div class=\"fusion-widget fusion-widget-element fusion-widget-area fusion-content-widget-area wpWidget-1 fusion-widget-align-left wp_widget_categories\" style=\"--awb-fusion-border-size:0px;--awb-fusion-border-style:solid;\"><div class=\"widget widget_categories\"><div class=\"heading\"><h4 class=\"widget-title\">Categories<\/h4><\/div>\n\t\t\t<ul>\n\t\t\t\t\t<li class=\"cat-item cat-item-26\"><a href=\"https:\/\/gatefi.es\/ca\/category\/agencia-tributaria-ca\/\">Ag\u00e8ncia Tribut\u00e0ria<\/a>\n<\/li>\n\t<li class=\"cat-item cat-item-27\"><a href=\"https:\/\/gatefi.es\/ca\/category\/fiscal-ca\/\">Fiscal<\/a>\n<\/li>\n\t<li class=\"cat-item cat-item-28\"><a href=\"https:\/\/gatefi.es\/ca\/category\/iva-ca\/\">IVA<\/a>\n<\/li>\n\t<li class=\"cat-item cat-item-29\"><a href=\"https:\/\/gatefi.es\/ca\/category\/laboral-ca\/\">Laboral<\/a>\n<\/li>\n\t\t\t<\/ul>\n\n\t\t\t<\/div><\/div><\/div><\/div><\/div><\/div>\n","protected":false},"excerpt":{"rendered":"","protected":false},"author":1,"featured_media":0,"parent":0,"menu_order":0,"comment_status":"closed","ping_status":"closed","template":"100-width.php","meta":{"footnotes":""},"class_list":["post-675","page","type-page","status-publish","hentry"],"yoast_head":"<!-- This site is optimized with the Yoast SEO plugin v26.0 - https:\/\/yoast.com\/wordpress\/plugins\/seo\/ -->\n<title>Blog - Gatefi<\/title>\n<meta name=\"description\" content=\"Articles sobre fiscalitat, comptabilitat i gesti\u00f3 laboral a Barcelona. Novetats tribut\u00e0ries i consells pr\u00e0ctics dels experts de Gatefi.\" \/>\n<meta name=\"robots\" content=\"index, follow, max-snippet:-1, max-image-preview:large, max-video-preview:-1\" \/>\n<link rel=\"canonical\" href=\"https:\/\/gatefi.es\/ca\/blog\/\" \/>\n<meta property=\"og:locale\" content=\"ca_ES\" \/>\n<meta property=\"og:type\" content=\"article\" \/>\n<meta property=\"og:title\" content=\"Blog - Gatefi\" \/>\n<meta property=\"og:description\" content=\"Articles sobre fiscalitat, comptabilitat i gesti\u00f3 laboral a Barcelona. Novetats tribut\u00e0ries i consells pr\u00e0ctics dels experts de Gatefi.\" \/>\n<meta property=\"og:url\" content=\"https:\/\/gatefi.es\/ca\/blog\/\" \/>\n<meta property=\"og:site_name\" content=\"Gatefi\" \/>\n<meta property=\"article:modified_time\" content=\"2025-09-22T10:25:16+00:00\" \/>\n<meta name=\"twitter:card\" content=\"summary_large_image\" \/>\n<meta name=\"twitter:label1\" content=\"Temps estimat de lectura\" \/>\n\t<meta name=\"twitter:data1\" content=\"6 minuts\" \/>\n<script type=\"application\/ld+json\" class=\"yoast-schema-graph\">{\"@context\":\"https:\/\/schema.org\",\"@graph\":[{\"@type\":\"WebPage\",\"@id\":\"https:\/\/gatefi.es\/ca\/blog\/\",\"url\":\"https:\/\/gatefi.es\/ca\/blog\/\",\"name\":\"Blog - Gatefi\",\"isPartOf\":{\"@id\":\"https:\/\/gatefi.es\/#website\"},\"datePublished\":\"2025-05-30T11:31:30+00:00\",\"dateModified\":\"2025-09-22T10:25:16+00:00\",\"description\":\"Articles sobre fiscalitat, comptabilitat i gesti\u00f3 laboral a Barcelona. Novetats tribut\u00e0ries i consells pr\u00e0ctics dels experts de Gatefi.\",\"breadcrumb\":{\"@id\":\"https:\/\/gatefi.es\/ca\/blog\/#breadcrumb\"},\"inLanguage\":\"ca\",\"potentialAction\":[{\"@type\":\"ReadAction\",\"target\":[\"https:\/\/gatefi.es\/ca\/blog\/\"]}]},{\"@type\":\"BreadcrumbList\",\"@id\":\"https:\/\/gatefi.es\/ca\/blog\/#breadcrumb\",\"itemListElement\":[{\"@type\":\"ListItem\",\"position\":1,\"name\":\"Portada\",\"item\":\"https:\/\/gatefi.es\/ca\/home\/\"},{\"@type\":\"ListItem\",\"position\":2,\"name\":\"Blog\"}]},{\"@type\":\"WebSite\",\"@id\":\"https:\/\/gatefi.es\/#website\",\"url\":\"https:\/\/gatefi.es\/\",\"name\":\"Gatefi\",\"description\":\"\",\"publisher\":{\"@id\":\"https:\/\/gatefi.es\/#organization\"},\"potentialAction\":[{\"@type\":\"SearchAction\",\"target\":{\"@type\":\"EntryPoint\",\"urlTemplate\":\"https:\/\/gatefi.es\/?s={search_term_string}\"},\"query-input\":{\"@type\":\"PropertyValueSpecification\",\"valueRequired\":true,\"valueName\":\"search_term_string\"}}],\"inLanguage\":\"ca\"},{\"@type\":\"Organization\",\"@id\":\"https:\/\/gatefi.es\/#organization\",\"name\":\"Gatefi\",\"url\":\"https:\/\/gatefi.es\/\",\"logo\":{\"@type\":\"ImageObject\",\"inLanguage\":\"ca\",\"@id\":\"https:\/\/gatefi.es\/#\/schema\/logo\/image\/\",\"url\":\"https:\/\/gatefi.es\/wp-content\/uploads\/2025\/05\/logo-2.png\",\"contentUrl\":\"https:\/\/gatefi.es\/wp-content\/uploads\/2025\/05\/logo-2.png\",\"width\":133,\"height\":55,\"caption\":\"Gatefi\"},\"image\":{\"@id\":\"https:\/\/gatefi.es\/#\/schema\/logo\/image\/\"}}]}<\/script>\n<!-- \/ Yoast SEO plugin. -->","yoast_head_json":{"title":"Blog - Gatefi","description":"Articles sobre fiscalitat, comptabilitat i gesti\u00f3 laboral a Barcelona. Novetats tribut\u00e0ries i consells pr\u00e0ctics dels experts de Gatefi.","robots":{"index":"index","follow":"follow","max-snippet":"max-snippet:-1","max-image-preview":"max-image-preview:large","max-video-preview":"max-video-preview:-1"},"canonical":"https:\/\/gatefi.es\/ca\/blog\/","og_locale":"ca_ES","og_type":"article","og_title":"Blog - Gatefi","og_description":"Articles sobre fiscalitat, comptabilitat i gesti\u00f3 laboral a Barcelona. Novetats tribut\u00e0ries i consells pr\u00e0ctics dels experts de Gatefi.","og_url":"https:\/\/gatefi.es\/ca\/blog\/","og_site_name":"Gatefi","article_modified_time":"2025-09-22T10:25:16+00:00","twitter_card":"summary_large_image","twitter_misc":{"Temps estimat de lectura":"6 minuts"},"schema":{"@context":"https:\/\/schema.org","@graph":[{"@type":"WebPage","@id":"https:\/\/gatefi.es\/ca\/blog\/","url":"https:\/\/gatefi.es\/ca\/blog\/","name":"Blog - Gatefi","isPartOf":{"@id":"https:\/\/gatefi.es\/#website"},"datePublished":"2025-05-30T11:31:30+00:00","dateModified":"2025-09-22T10:25:16+00:00","description":"Articles sobre fiscalitat, comptabilitat i gesti\u00f3 laboral a Barcelona. Novetats tribut\u00e0ries i consells pr\u00e0ctics dels experts de Gatefi.","breadcrumb":{"@id":"https:\/\/gatefi.es\/ca\/blog\/#breadcrumb"},"inLanguage":"ca","potentialAction":[{"@type":"ReadAction","target":["https:\/\/gatefi.es\/ca\/blog\/"]}]},{"@type":"BreadcrumbList","@id":"https:\/\/gatefi.es\/ca\/blog\/#breadcrumb","itemListElement":[{"@type":"ListItem","position":1,"name":"Portada","item":"https:\/\/gatefi.es\/ca\/home\/"},{"@type":"ListItem","position":2,"name":"Blog"}]},{"@type":"WebSite","@id":"https:\/\/gatefi.es\/#website","url":"https:\/\/gatefi.es\/","name":"Gatefi","description":"","publisher":{"@id":"https:\/\/gatefi.es\/#organization"},"potentialAction":[{"@type":"SearchAction","target":{"@type":"EntryPoint","urlTemplate":"https:\/\/gatefi.es\/?s={search_term_string}"},"query-input":{"@type":"PropertyValueSpecification","valueRequired":true,"valueName":"search_term_string"}}],"inLanguage":"ca"},{"@type":"Organization","@id":"https:\/\/gatefi.es\/#organization","name":"Gatefi","url":"https:\/\/gatefi.es\/","logo":{"@type":"ImageObject","inLanguage":"ca","@id":"https:\/\/gatefi.es\/#\/schema\/logo\/image\/","url":"https:\/\/gatefi.es\/wp-content\/uploads\/2025\/05\/logo-2.png","contentUrl":"https:\/\/gatefi.es\/wp-content\/uploads\/2025\/05\/logo-2.png","width":133,"height":55,"caption":"Gatefi"},"image":{"@id":"https:\/\/gatefi.es\/#\/schema\/logo\/image\/"}}]}},"_links":{"self":[{"href":"https:\/\/gatefi.es\/ca\/wp-json\/wp\/v2\/pages\/675","targetHints":{"allow":["GET"]}}],"collection":[{"href":"https:\/\/gatefi.es\/ca\/wp-json\/wp\/v2\/pages"}],"about":[{"href":"https:\/\/gatefi.es\/ca\/wp-json\/wp\/v2\/types\/page"}],"author":[{"embeddable":true,"href":"https:\/\/gatefi.es\/ca\/wp-json\/wp\/v2\/users\/1"}],"replies":[{"embeddable":true,"href":"https:\/\/gatefi.es\/ca\/wp-json\/wp\/v2\/comments?post=675"}],"version-history":[{"count":14,"href":"https:\/\/gatefi.es\/ca\/wp-json\/wp\/v2\/pages\/675\/revisions"}],"predecessor-version":[{"id":1219,"href":"https:\/\/gatefi.es\/ca\/wp-json\/wp\/v2\/pages\/675\/revisions\/1219"}],"wp:attachment":[{"href":"https:\/\/gatefi.es\/ca\/wp-json\/wp\/v2\/media?parent=675"}],"curies":[{"name":"wp","href":"https:\/\/api.w.org\/{rel}","templated":true}]}}